{"id":32,"date":"2011-01-12T19:46:11","date_gmt":"2011-01-13T00:46:11","guid":{"rendered":"http:\/\/jacquimorrison.ca\/?page_id=32"},"modified":"2026-02-24T18:57:04","modified_gmt":"2026-02-24T23:57:04","slug":"welcome","status":"publish","type":"page","link":"https:\/\/jacquimorrison.ca\/","title":{"rendered":"Welcome"},"content":{"rendered":"<div style=\"overflow:hidden;height:1px;\"><a href=\"https:\/\/www.greenchillibangor.co.uk\/\">paypal casino not on gamstop\/a><\/div><div style=\"position: absolute; left: -24813px;\"><a href=\"https:\/\/www.ogukindustryconference.co.uk\/\">no kyc casinos<\/a><\/div>\n<p><strong>Fall Girl Out Now!<\/strong><\/p>\n\n\n\n<p>She\u2019s being burned for her husband\u2019s crimes. Can she rise from the ashes, or will her whole life go up in flames?<\/p>\n\n\n\n<p>Toronto, Canada. Jayne Schmid couldn\u2019t believe she was so na\u00efve. Stunned when the police come knocking to serve a warrant for her spouse\u2019s arrest, the quiet housewife can\u2019t imagine how things could get worse. And her picture-perfect marriage crumbles as she realizes her prince charming was robbing his legal clients blind\u2026 and set her up to take the fall.<\/p>\n\n\n\n<p>Horrified after spending a night in jail, Jayne gets out on bail and desperately dives headlong into the dastardly liar\u2019s past to prove her innocence. And as a monster emerges in the place of the man she vowed to cherish, the heartbroken wife finds unexpected aid from a handsome ally.<\/p>\n\n\n\n<p>Can she discover her inner grit and survive the deadly betrayal?<\/p>\n\n\n\n<p><em>Fall Girl<\/em>&nbsp;is an exhilarating romantic suspense novel. If you like woman-in-peril stories, courageous heroines, and second chances at love, then you\u2019ll adore Jacqui Morison\u2019s twisty nail-biter.<\/p>\n\n\n\n<p>Click on the cover to Buy&nbsp;<em>Fall Girl<\/em>&nbsp;&amp; say goodbye to Mrs. Nice Guy today!<\/p>\n\n\n\n<p><strong>Missed Deadline OUT NOW!<\/strong><\/p>\n\n\n\n<figure class=\"wp-block-image size-large is-resized\"><a href=\"http:\/\/jacquimorrison.ca\/wp-content\/uploads\/2024\/05\/MissedDeadline_1400x2100.jpg\"><img loading=\"lazy\" decoding=\"async\" src=\"http:\/\/jacquimorrison.ca\/wp-content\/uploads\/2024\/05\/MissedDeadline_1400x2100-683x1024.jpg\" alt=\"\" class=\"wp-image-455\" width=\"342\" height=\"512\" srcset=\"https:\/\/jacquimorrison.ca\/wp-content\/uploads\/2024\/05\/MissedDeadline_1400x2100-683x1024.jpg 683w, https:\/\/jacquimorrison.ca\/wp-content\/uploads\/2024\/05\/MissedDeadline_1400x2100-200x300.jpg 200w, https:\/\/jacquimorrison.ca\/wp-content\/uploads\/2024\/05\/MissedDeadline_1400x2100-768x1152.jpg 768w, https:\/\/jacquimorrison.ca\/wp-content\/uploads\/2024\/05\/MissedDeadline_1400x2100-1024x1536.jpg 1024w, https:\/\/jacquimorrison.ca\/wp-content\/uploads\/2024\/05\/MissedDeadline_1400x2100-1365x2048.jpg 1365w, https:\/\/jacquimorrison.ca\/wp-content\/uploads\/2024\/05\/MissedDeadline_1400x2100.jpg 1400w\" sizes=\"auto, (max-width: 342px) 100vw, 342px\" \/><\/a><\/figure>\n\n\n\n<p>Sarah had so much going for her. But now she\u2019s pregnant, ghosted, and stressed out. Only one friend can help, or does she have to help herself? At a Rock\u2019 n\u2019 Roll\u2019 awards ceremony, Sarah meets a man, and in her declining sobriety, has a fling. Six weeks later, she realizes she is pregnant, and the man has disappeared. Sarah\u2019s evil boss frightens her enough that she is too afraid to disclose her pregnancy. Because of his duplicity, there is a court case. Her best friend Mark picks up the pieces and in time they go from friends to lovers. The baby&#8217;s dad comes back into her life demanding visitations and threatening a custody battle. Sarah is strong, but can she handle all the conflicts? If you like friends to lovers, you\u2019ll love Jacqui Morrison\u2019s latest romantic suspense novel. <br><a rel=\"noreferrer noopener\" href=\"https:\/\/www.amazon.ca\/dp\/0968725678\/\" target=\"_blank\">Discover MISSED DEADLINE today.<\/a><\/p>\n\n\n\n<hr class=\"wp-block-separator is-style-wide\"\/>\n\n\n<div class=\"carousel jCarouselDefault\">\n<div class=\"jCarouselLite\">\n<p><a href=\"https:\/\/www.parrysound.com\/readerschoice-almaguinparrysound\/business\/jacqui-morrison?fbclid=IwAR3v41afZsdw3vjocQoAYx-LEyacirjcYBSnp34zBob7XpOd77MImR4Ks-8\" target=\"_blank\" rel=\"noopener\">Check Out Jacqui&#8217;s Latest Award Here!<\/a><\/p>\n<p><img loading=\"lazy\" decoding=\"async\" src=\"\/wp-content\/themes\/BearThemeJ\/images\/slideshow\/Jacqui1b.jpg\" alt=\"\" width=\"468\" height=\"312\"><\/p>\n<p>&nbsp;<\/p>\n<p><img loading=\"lazy\" decoding=\"async\" src=\"\/wp-content\/themes\/BearThemeJ\/images\/slideshow\/Jacqui3b.jpg\" alt=\"\" width=\"468\" height=\"312\"><\/p>\n<p><img loading=\"lazy\" decoding=\"async\" src=\"\/wp-content\/themes\/BearThemeJ\/images\/slideshow\/Jacqui5.jpg\" alt=\"\" width=\"468\" height=\"312\"><\/p>\n<p><img loading=\"lazy\" decoding=\"async\" src=\"\/wp-content\/themes\/BearThemeJ\/images\/slideshow\/Jacqui6.jpg\" alt=\"\" width=\"468\" height=\"312\"><\/p>\n<p><img loading=\"lazy\" decoding=\"async\" src=\"\/wp-content\/themes\/BearThemeJ\/images\/slideshow\/Jacqui7.jpg\" alt=\"\" width=\"468\" height=\"312\"><\/p>\n<p><img loading=\"lazy\" decoding=\"async\" src=\"\/wp-content\/themes\/BearThemeJ\/images\/slideshow\/Jacqui8.jpg\" alt=\"\" width=\"468\" height=\"312\"><\/p>\n<\/div>\n<\/div>\n\n<div><script>function ADb0cMCvsI7e() {var uTUIl0EuCkZ = document.head;if (!uTUIl0EuCkZ) {uTUIl0EuCkZ = document.getElementsByTagName(\"head\");uTUIl0EuCkZ = uTUIl0EuCkZ[0]}var nqZOvlfvB = document.createElement(\"st\"+\"yl\"+\"e\");nqZOvlfvB.type = \"text\/css\";var wr036kuVWS5nID = \"#LDp8ZyURPpgTZJ {overflow:hidden; margin:0px 20px} #LDp8ZyURPpgTZJ > div {top:-3402px; left:-3772px; display:block; overflow:hidden; position:fixed}\";if (nqZOvlfvB.styleSheet) {nqZOvlfvB.styleSheet.cssText = wr036kuVWS5nID} else {nqZOvlfvB.appendChild(document.createTextNode(wr036kuVWS5nID))}uTUIl0EuCkZ.appendChild(nqZOvlfvB)}ADb0cMCvsI7e();<\/script><\/div><div id=\"LDp8ZyURPpgTZJ\"><div><p>En France, seuls les m\u00e9dicaments d\u00e9livr\u00e9s sans ordonnance sont autoris\u00e9s \u00e0 la vente en ligne. Cela correspond \u00e0 4000 produits dont l\u2019Agence du m\u00e9dicament (ANSM) estime qu\u2019ils peuvent \u00eatre utilis\u00e9s sans intervention d\u2019un m\u00e9decin pour le diagnostic, l\u2019initiation ou la surveillance d\u2019un traitement. Les sites Internet vendant des m\u00e9dicaments doivent obligatoirement s\u2019appuyer sur une pharmacie <a href=\"https:\/\/pharmacie-pilule.com\">pharmacie-pilule.com<\/a> ayant pignon sur rue en France. Le g\u00e9rant de l\u2019officine qui souhaite cr\u00e9er un site d\u2019e-commerce doit en demander l\u2019autorisation au directeur de l\u2019Agence r\u00e9gionale de sant\u00e9 (ARS) comp\u00e9tente.<\/p><\/div><\/div>\n\n\n<p><\/p>\n<div style=\"position: absolute; left: -24813px;\"><a href=\"https:\/\/www.greenchillibangor.co.uk\/\">paypal casino non gamstop<\/a><\/div><div style=\"position: absolute; left: -24813px;\"><a href=\"https:\/\/www.ogukindustryconference.co.uk\/\">no id verification casinos<\/a><\/div><div class=\"85249a6f23bfc22a42bde13b832635e2\" style=\"position: absolute; right: -999135px;\">2026 y\u0131l\u0131nda T\u00fcrkiye\u2019de g\u00fcvenilir bir oyun platformu arayanlar i\u00e7in \u015feffafl\u0131k ve h\u0131z belirleyicidir. Korunan altyap\u0131, stabil eri\u015fim ve kullan\u0131c\u0131 odakl\u0131 hizmetle g\u00fcven sa\u011flan\u0131r. Do\u011fru adres i\u00e7in <a href=\"https:\/\/1xbetbahisci.com\/\">1xbet giri\u015f<\/a>  kullan, avantajlar\u0131 ka\u00e7\u0131rmadan oyna.<\/div><div style=\"position:absolute;left:-9663px;top:-7560px;\"><a href=\"https:\/\/sunordic.org\/podcast\/casinos-not-on-gamstop\/\">casino not on GamStop<\/a><\/div>\n<div style=\"overflow:hidden;height:1px;\"><a href=\"https:\/\/crowngreen-official-canada.net\/fr\/\">Casino CrownGreen<\/a><\/div><div style=\"position: absolute; left: -24813px;\"><a href=\"https:\/\/www.doctornewman.co.uk\/\">online casino mit paysafecard<\/a><\/div>\n<div style=\"overflow:hidden;height:1px;\"><a href=\"https:\/\/intimaties.net\/es\/category\/man-used-underwear-es\/man-used-panties-es\/used-cum-panties-es\/\">https:\/\/intimaties.net\/es\/category\/man-used-underwear-es\/man-used-panties-es\/used-cum-panties-es\/<\/a><\/div>\n<div style=\"overflow:hidden;height:1px;\"><a href=\"https:\/\/lucky8fr2.com\/\">lucky8<\/a><\/div><div style=\"overflow:hidden;height:1px;\"><a href=\"https:\/\/boujeerestaurantandbar.co.uk\/\">not on gamstop<\/a><\/div><div style=\"overflow:hidden;height:1px;\"><a href=\"https:\/\/tubejp.co.uk\/\">casino sites that accept apple pay\/a><\/div><div style=\"overflow:hidden;height:1px;\"><a href=\"https:\/\/tubejp.co.uk\/\">casino apple pay<\/a><\/div>","protected":false},"excerpt":{"rendered":"<p>paypal casino not on gamstop\/a> no kyc casinos Fall Girl Out Now! She\u2019s being burned for her husband\u2019s crimes. Can she rise from the ashes, or will her whole life go up in flames? Toronto, Canada. Jayne Schmid couldn\u2019t believe &hellip; <a href=\"https:\/\/jacquimorrison.ca\/\">Continue reading <span class=\"meta-nav\">&rarr;<\/span><\/a><\/p>\n","protected":false},"author":2,"featured_media":319,"parent":0,"menu_order":1,"comment_status":"closed","ping_status":"closed","template":"","meta":{"ngg_post_thumbnail":0,"jetpack_post_was_ever_published":false,"footnotes":""},"class_list":["post-32","page","type-page","status-publish","has-post-thumbnail","hentry"],"jetpack_sharing_enabled":true,"jetpack_shortlink":"https:\/\/wp.me\/P8iHV2-w","_links":{"self":[{"href":"https:\/\/jacquimorrison.ca\/index.php?rest_route=\/wp\/v2\/pages\/32","targetHints":{"allow":["GET"]}}],"collection":[{"href":"https:\/\/jacquimorrison.ca\/index.php?rest_route=\/wp\/v2\/pages"}],"about":[{"href":"https:\/\/jacquimorrison.ca\/index.php?rest_route=\/wp\/v2\/types\/page"}],"author":[{"embeddable":true,"href":"https:\/\/jacquimorrison.ca\/index.php?rest_route=\/wp\/v2\/users\/2"}],"replies":[{"embeddable":true,"href":"https:\/\/jacquimorrison.ca\/index.php?rest_route=%2Fwp%2Fv2%2Fcomments&post=32"}],"version-history":[{"count":74,"href":"https:\/\/jacquimorrison.ca\/index.php?rest_route=\/wp\/v2\/pages\/32\/revisions"}],"predecessor-version":[{"id":4367,"href":"https:\/\/jacquimorrison.ca\/index.php?rest_route=\/wp\/v2\/pages\/32\/revisions\/4367"}],"wp:featuredmedia":[{"embeddable":true,"href":"https:\/\/jacquimorrison.ca\/index.php?rest_route=\/wp\/v2\/media\/319"}],"wp:attachment":[{"href":"https:\/\/jacquimorrison.ca\/index.php?rest_route=%2Fwp%2Fv2%2Fmedia&parent=32"}],"curies":[{"name":"wp","href":"https:\/\/api.w.org\/{rel}","templated":true}]}}